{"id":27,"date":"2017-07-12T16:48:08","date_gmt":"2017-07-12T14:48:08","guid":{"rendered":"http:\/\/themedemos.webmandesign.eu\/reykjavik\/?page_id=27"},"modified":"2022-07-13T21:20:09","modified_gmt":"2022-07-13T21:20:09","slug":"projects","status":"publish","type":"page","link":"https:\/\/jens-gieseler.de\/?page_id=27","title":{"rendered":"ARBEITEN"},"content":{"rendered":"\n\n\t<h3>Medizin+Technik<\/h3>\n<h4>F\u00f6rdermittel f\u00fcrs n\u00e4chste Projekt<\/h4>\n<p>Erbe Elektromedizin aus T\u00fcbingen stemmt kleinere Projekte in der Entwicklung selbst. Die gr\u00f6\u00dferen, die die Zukunft des Unternehmens bestimmen k\u00f6nnen, laufen oft mit der Unterst\u00fctzung aus F\u00f6rderma\u00dfnahmen.<\/p>\n<p><a href=\"https:\/\/jens-gieseler.de\/wp-content\/uploads\/2022\/07\/061-MedizinTechnik-Erbe-05-2021.pdf\" target=\"_blank\" rel=\"noopener\">weiterlesen &#8230;<\/a><\/p>\n\t<h3>Wirtschaft im Profil<\/h3>\n<h4>F\u00fcr&#8217;s Wohl aller<\/h4>\n<p>Profit ja, aber nicht auf Kosten anderer. Unternehmen wie Easysoft und Nestbau wirtschaften ethischer. Denn hinter der Idee des Gemeinwohls steckt, dass ein Unternehmen nat\u00fcrlich Gewinne erwirtschaften muss, doch nicht um jeden Preis.<\/p>\n<p><a href=\"https:\/\/jens-gieseler.de\/wp-content\/uploads\/2022\/07\/356-Wirtschaft-im-Profil-Gemeinwohloekonomie-21.03.2022.pdf\" target=\"_blank\" rel=\"noopener\">weiterlesen &#8230;<\/a><\/p>\n\t<h3>Produktion<\/h3>\n<h4>Mehr Unterst\u00fctzung als Kontrolle<\/h4>\n<p>Bei allen Klagen \u00fcber die Corona-Ma\u00dfnahmen und dem L\u00e4rm um die Spaltung der Gesellschaft entdecken viele Unternehmen auch ein neues Wir-Gef\u00fchl ihrer Mitarbeiter.<\/p>\n<p><a href=\"https:\/\/jens-gieseler.de\/wp-content\/uploads\/2022\/07\/237-Produktion-Corona-Studie-05-2022.pdf\" target=\"_blank\" rel=\"noopener\">weiterlesen &#8230;<\/a><\/p>\n\t<h3>Der Ger\u00fcstbauer<\/h3>\n<h4>Mehr zuh\u00f6ren bei Mitarbeitergespr\u00e4chen<\/h4>\n<p>Manchmal haben Kleinigkeiten gro\u00dfe Auswirkungen: \u201eIch habe nicht richtig hingeh\u00f6rt&#8220;, gibt Walter Stuber zu. \u201eIch war nicht deutlich genug&#8220;, sagt Robert Gebhardt im Gegenzug. Im Endeffekt k\u00fcndigte der Braunschweiger Bauleiter seinem Chef, weil er einen neuen Job gefunden hat.<\/p>\n<p><a href=\"https:\/\/jens-gieseler.de\/wp-content\/uploads\/2022\/07\/060-Der-Geruestbauer-Kuendigung-02-2022.pdf\" target=\"_blank\" rel=\"noopener\">weiterlesen &#8230;<\/a><\/p>\n\t<h3>vdi-nachrichten<\/h3>\n<h4>Nicht auf stumm geschaltet<\/h4>\n<p>Seit mehr als einem Jahr tasten sich die Unternehmen vorsichtig durch den Corona-Nebel. Einerseits \u00fcben sie Zur\u00fcckhaltung bei nicht notwendigen Investitionen. Andererseits investieren sie in Forschung und Entwicklung.<\/p>\n<p><a href=\"https:\/\/jens-gieseler.de\/wp-content\/uploads\/2022\/07\/024-vdi-Nachrichten-Online-Rekruiting-18.06.2021.pdf\" target=\"_blank\" rel=\"noopener\">weiterlesen &#8230;<\/a><\/p>\n\t<h3>Bau- und M\u00f6belschreiner<\/h3>\n<h4>Setzen Sie die Bewerberbrille auf<\/h4>\n<p>Einfach eine Anzeige in der Tageszeitung schalten? Das war gestern. Wer heute neue Mitarbeiter gewinnen will, muss auf vielen Plattformen pr\u00e4sent sein, schnell reagieren und professionell auftreten.<\/p>\n<p><a href=\"https:\/\/jens-gieseler.de\/wp-content\/uploads\/2022\/07\/026-BM-Digi-Bewerbungsmanagement-05-2022.pdf\" target=\"_blank\" rel=\"noopener\">weiterlesen &#8230;<\/a><\/p>\n\t<p><img decoding=\"async\" loading=\"lazy\" src=\"https:\/\/jens-gieseler.de\/wp-content\/uploads\/2022\/07\/Logos_Kunden_V4-Kopie-744x217.jpg\" alt=\"\" width=\"744\" height=\"217\" \/><\/p>\n\t<h3>VDI-Nachrichten<\/h3>\n<h4>Nicht auf stumm geschaltet<\/h4>\n<p>Seit mehr als einem Jahr tasten sich die Unternehmen vorsichtig durch den Corona-Nebel. Einerseits \u00fcben sie Zur\u00fcckhaltung bei nicht notwendigen Investitionen. Etliche sind auch weiterhin in Kurzarbeit.<\/p>\n<p><a href=\"https:\/\/jens-gieseler.de\/wp-content\/uploads\/2021\/08\/024_vdi-Nachrichten_Online-Rekruiting_20210618.pdf\" target=\"_blank\" rel=\"noopener\">weiterlesen &#8230;<\/a><\/p>\n\t<h3>wissensmanagement<\/h3>\n<h4>Nachhaltiges CRM<\/h4>\n<p>Die Einf\u00fchrung eines CRM-Systems sollte das Top-Management beschlie\u00dfen und zwar f\u00fcr alle Abteilungen, die mittelbar mit Kunden zu tun haben. Denn CRM ist vor allem eine Unternehmens-Strategie.<\/p>\n<p><a href=\"https:\/\/jens-gieseler.de\/wp-content\/uploads\/2021\/08\/012-Wissensmanagement-CRM-Studie-02-2021.pdf\" target=\"_blank\" rel=\"noopener\">weiterlesen &#8230;<\/a><\/p>\n\t<h3>Deutsche Handwerkszeitung<\/h3>\n<h4>Sicher auf sauberen Ger\u00fcsten<\/h4>\n<p>\u201eWir wollen nicht mehr wachsen&#8220;, sagt Walter Stuber. Dem agilen Gesch\u00e4ftsf\u00fchrer von Gemeinhardt Service f\u00e4llt es sichtlich schwer, die Aussage beim Gegen\u00fcber sacken zu lassen. \u201eF\u00fcr uns steht das Wohl von Mensch und Umwelt an erster Stelle des Wirtschaftens&#8220;.<\/p>\n<p><a href=\"https:\/\/jens-gieseler.de\/wp-content\/uploads\/2021\/08\/051-Dt-Handwerkszeitung-GWOe-10-11-2021.pdf\" target=\"_blank\" rel=\"noopener\">weiterlesen &#8230;<\/a><\/p>\n\t<h3>Industrial Production<\/h3>\n<h4>Losgr\u00f6\u00dfe 1 f\u00fcr 5000 Varianten<\/h4>\n<p>Eigentlich ist es ganz einfach. Die Maschine greift sich ein Rohr, bringt es auf L\u00e4nge, bearbeitet die Enden, bringt eventuell Querbohrungen an, w\u00e4scht das bearbeitete St\u00fcck und bl\u00e4st es trocken. Fertig.<\/p>\n<p><a href=\"https:\/\/jens-gieseler.de\/wp-content\/uploads\/2021\/08\/001_Industrial_Production_MW_automotive_12-2020.pdf\" target=\"_blank\" rel=\"noopener\">weiterlesen &#8230;<\/a><\/p>\n\t<h3>What&#8217;s next<\/h3>\n<h4>Am Ball<\/h4>\n<p>Wenn Gott dich strafen will, schenkt er dir sieben erfolgreiche Jahre. An den Satz hat sich Andreas Nau 2019 \u00f6fter erinnert.n.<\/p>\n<p><a href=\"https:\/\/jens-gieseler.de\/wp-content\/uploads\/2021\/08\/343_Ferchau-Kundenmagazin_Motivation_2021-01.pdf\" target=\"_blank\" rel=\"noopener\">weiterlesen &#8230;<\/a><\/p>\n\t<h3>Kunststoff-Zeitung<\/h3>\n<h4>So flie\u00dfen F\u00f6rdermittel<\/h4>\n<p>Vor allem Innovationen machen manchen deutschen Mittelst\u00e4ndler zu einem Marktf\u00fchrer. So wie etwa die Otto Graf GmbH aus dem badischen Teningen.<\/p>\n<p><a href=\"https:\/\/jens-gieseler.de\/wp-content\/uploads\/2021\/08\/048_K-Zeitung_Graf_20210423.pdf\" target=\"_blank\" rel=\"noopener\">weiterlesen &#8230;<\/a><\/p>\n\n","protected":false},"excerpt":{"rendered":"<div class=\"entry-summary\">\n<div class=\"entry-summary\">\nMedizin+Technik F\u00f6rdermittel f\u00fcrs n\u00e4chste Projekt Erbe Elektromedizin aus T\u00fcbingen stemmt kleinere Projekte in der Entwicklung selbst. Die gr\u00f6\u00dferen, die die Zukunft des Unternehmens bestimmen k\u00f6nnen, laufen oft mit der Unterst\u00fctzung aus F\u00f6rderma\u00dfnahmen. weiterlesen &#8230; Wirtschaft im Profil F\u00fcr&#8217;s Wohl aller&hellip;\n<\/div>\n<div class=\"link-more\"><a href=\"https:\/\/jens-gieseler.de\/?page_id=27\" class=\"more-link\">Continue reading<span class=\"screen-reader-text\"> &ldquo;ARBEITEN&rdquo;<\/span>&hellip;<\/a><\/div>\n<\/div>\n<div class=\"link-more\"><a href=\"https:\/\/jens-gieseler.de\/?page_id=27\" class=\"more-link\">Continue reading<span class=\"screen-reader-text\"> &ldquo;ARBEITEN&rdquo;<\/span>&hellip;<\/a><\/div>\n","protected":false},"author":1,"featured_media":0,"parent":0,"menu_order":0,"comment_status":"closed","ping_status":"closed","template":"","meta":{"inline_featured_image":false},"acf":[],"_links":{"self":[{"href":"https:\/\/jens-gieseler.de\/index.php?rest_route=\/wp\/v2\/pages\/27"}],"collection":[{"href":"https:\/\/jens-gieseler.de\/index.php?rest_route=\/wp\/v2\/pages"}],"about":[{"href":"https:\/\/jens-gieseler.de\/index.php?rest_route=\/wp\/v2\/types\/page"}],"author":[{"embeddable":true,"href":"https:\/\/jens-gieseler.de\/index.php?rest_route=\/wp\/v2\/users\/1"}],"replies":[{"embeddable":true,"href":"https:\/\/jens-gieseler.de\/index.php?rest_route=%2Fwp%2Fv2%2Fcomments&post=27"}],"version-history":[{"count":45,"href":"https:\/\/jens-gieseler.de\/index.php?rest_route=\/wp\/v2\/pages\/27\/revisions"}],"predecessor-version":[{"id":945,"href":"https:\/\/jens-gieseler.de\/index.php?rest_route=\/wp\/v2\/pages\/27\/revisions\/945"}],"wp:attachment":[{"href":"https:\/\/jens-gieseler.de\/index.php?rest_route=%2Fwp%2Fv2%2Fmedia&parent=27"}],"curies":[{"name":"wp","href":"https:\/\/api.w.org\/{rel}","templated":true}]}}