{"id":253,"date":"2017-10-05T15:44:24","date_gmt":"2017-10-05T13:44:24","guid":{"rendered":"http:\/\/themedemos.webmandesign.eu\/reykjavik\/?page_id=253"},"modified":"2022-07-08T20:55:41","modified_gmt":"2022-07-08T20:55:41","slug":"about-page-builder","status":"publish","type":"page","link":"https:\/\/jens-gieseler.de\/?page_id=253","title":{"rendered":"\u00dcBER MICH"},"content":{"rendered":"\n\n\t<h2>Jens Gieseler<\/h2>\n<p>&#8230; legt morgens Wert auf Meditation oder Yoga und mittags auf Espresso. Entspannt gerne bei klassischer Rockmusik und groovendem Blues oder wandert im Gr\u00fcnen &#8211; am liebsten querfeldein. Und erholt sich vor allem in Italien und Indien.<\/p>\n<p>&#8230; lebt in T\u00fcbingen, betrachtet Frankfurt als seine Heimat und seine Wurzeln liegen im Norden.<\/p>\n&#8230; ist seit 1999 selbst\u00e4ndiger Journalist, Kommunikationsberater sowie<br \/>\nSeminar- und Workshop-Leiter.\n<p>&#8230; war zwischen 2008 und 2017 Partner bei Der Medienberater GbR<\/p>\n&#8230; absolvierte bis 2007 eine f\u00fcnfj\u00e4hrige Ausbildung zum Coach und<br \/>\nist seit 2006 Heilpraktiker f\u00fcr Psychotherapie (HPG).\n<p>&#8230; arbeitete bis 1999 f\u00fcnf Jahre in den Landessportb\u00fcnden Rheinland-Pfalz und W\u00fcrttemberg.<\/p>\n<p>&#8230; absolvierte bis 1994 sein Volontariat beim privaten H\u00f6rfunksender RPR.<\/p>\n<p>&#8230; beendete 1993 sein zweites Studium als Diplom-Medienwissenschaftler und -praktiker und schloss 1989 das Magister-Studium f\u00fcr Sprachwissenschaften, Literatur und Philosophie ab.<\/p>\n<p>&#8230; arbeitete 2\u00bd Jahre im Forschungsprojekt \u201eEntstehung und Entwicklung der Zeitungssprache im 17. Jahrhundert&#8220; mit diversen Ver\u00f6ffentlichungen.<\/p>\n<p>&#8230; lernte als 17-J\u00e4hriger das journalistische Handwerk als Pressereferent in einem Schachverein.<\/p>\n\t\t\t\t<img decoding=\"async\" src=\"https:\/\/jens-gieseler.de\/wp-content\/uploads\/2019\/07\/Take-II-4-von-36-2-744x1116.jpg\" alt=\"Take II (4 von 36)-2\" itemprop=\"image\" title=\"Take II (4 von 36)-2\" onerror=\"this.style.display='none'\"  \/>\n\t\t\t\t<img decoding=\"async\" src=\"https:\/\/jens-gieseler.de\/wp-content\/uploads\/2019\/05\/20180508_100534-744x558.jpg\" alt=\"20180508_100534\" itemprop=\"image\" title=\"20180508_100534\" onerror=\"this.style.display='none'\"  \/>\n\t\t\t\t<img decoding=\"async\" src=\"https:\/\/jens-gieseler.de\/wp-content\/uploads\/2019\/05\/20160115_091646-744x558.jpg\" alt=\"20160115_091646\" itemprop=\"image\" title=\"20160115_091646\" onerror=\"this.style.display='none'\"  \/>\n\t\t\t\t<img decoding=\"async\" loading=\"lazy\" src=\"https:\/\/jens-gieseler.de\/wp-content\/uploads\/2019\/05\/20150617_2033221-e1558204492162.jpg\" alt=\"20150617_203322[1]\" itemprop=\"image\" height=\"2448\" width=\"3264\" title=\"20150617_203322[1]\" onerror=\"this.style.display='none'\"  \/>\n\n","protected":false},"excerpt":{"rendered":"<div class=\"entry-summary\">\n<div class=\"entry-summary\">\nJens Gieseler &#8230; legt morgens Wert auf Meditation oder Yoga und mittags auf Espresso. Entspannt gerne bei klassischer Rockmusik und groovendem Blues oder wandert im Gr\u00fcnen &#8211; am liebsten querfeldein. Und erholt sich vor allem in Italien und Indien. &#8230;&hellip;\n<\/div>\n<div class=\"link-more\"><a href=\"https:\/\/jens-gieseler.de\/?page_id=253\" class=\"more-link\">Continue reading<span class=\"screen-reader-text\"> &ldquo;\u00dcBER MICH&rdquo;<\/span>&hellip;<\/a><\/div>\n<\/div>\n<div class=\"link-more\"><a href=\"https:\/\/jens-gieseler.de\/?page_id=253\" class=\"more-link\">Continue reading<span class=\"screen-reader-text\"> &ldquo;\u00dcBER MICH&rdquo;<\/span>&hellip;<\/a><\/div>\n","protected":false},"author":1,"featured_media":0,"parent":0,"menu_order":0,"comment_status":"closed","ping_status":"closed","template":"","meta":{"inline_featured_image":false},"acf":[],"_links":{"self":[{"href":"https:\/\/jens-gieseler.de\/index.php?rest_route=\/wp\/v2\/pages\/253"}],"collection":[{"href":"https:\/\/jens-gieseler.de\/index.php?rest_route=\/wp\/v2\/pages"}],"about":[{"href":"https:\/\/jens-gieseler.de\/index.php?rest_route=\/wp\/v2\/types\/page"}],"author":[{"embeddable":true,"href":"https:\/\/jens-gieseler.de\/index.php?rest_route=\/wp\/v2\/users\/1"}],"replies":[{"embeddable":true,"href":"https:\/\/jens-gieseler.de\/index.php?rest_route=%2Fwp%2Fv2%2Fcomments&post=253"}],"version-history":[{"count":15,"href":"https:\/\/jens-gieseler.de\/index.php?rest_route=\/wp\/v2\/pages\/253\/revisions"}],"predecessor-version":[{"id":941,"href":"https:\/\/jens-gieseler.de\/index.php?rest_route=\/wp\/v2\/pages\/253\/revisions\/941"}],"wp:attachment":[{"href":"https:\/\/jens-gieseler.de\/index.php?rest_route=%2Fwp%2Fv2%2Fmedia&parent=253"}],"curies":[{"name":"wp","href":"https:\/\/api.w.org\/{rel}","templated":true}]}}